{"id":409,"date":"2021-07-13T09:00:42","date_gmt":"2021-07-13T09:00:42","guid":{"rendered":"https:\/\/poblaflorbodas.poblaflor.com\/?page_id=409"},"modified":"2024-03-21T09:56:38","modified_gmt":"2024-03-21T09:56:38","slug":"centros-mesa-restaurante","status":"publish","type":"page","link":"https:\/\/poblaflorbodas.poblaflor.com\/index.php\/centros-mesa-restaurante\/","title":{"rendered":"Centros mesa restaurante"},"content":{"rendered":"\n<p class=\"has-drop-cap\">Da igual el tipo de boda que est\u00e9s organizando. Pon a volar tu imaginaci\u00f3n que, si lo sue\u00f1as, lo hacemos. Aqu\u00ed te dejamos algunas propuestas, pero puedes traernos la tuya.<\/p>\n\n\n\n<figure class=\"wp-block-gallery has-nested-images columns-default is-cropped wp-block-gallery-1 is-layout-flex wp-block-gallery-is-layout-flex\">\n<figure class=\"wp-block-image size-large\"><a href=\"https:\/\/poblaflorbodas.poblaflor.com\/wp-content\/uploads\/2023\/12\/Reyes-y-Francisco-7.jpeg\" target=\"_blank\" rel=\"noopener\"><img fetchpriority=\"high\" decoding=\"async\" width=\"768\" height=\"1024\" data-id=\"1455\" src=\"https:\/\/poblaflorbodas.poblaflor.com\/wp-content\/uploads\/2023\/12\/Reyes-y-Francisco-7-768x1024.jpeg\" alt=\"centro mesa restaurante\" class=\"wp-image-1455\" srcset=\"https:\/\/poblaflorbodas.poblaflor.com\/wp-content\/uploads\/2023\/12\/Reyes-y-Francisco-7-768x1024.jpeg 768w, https:\/\/poblaflorbodas.poblaflor.com\/wp-content\/uploads\/2023\/12\/Reyes-y-Francisco-7-225x300.jpeg 225w, https:\/\/poblaflorbodas.poblaflor.com\/wp-content\/uploads\/2023\/12\/Reyes-y-Francisco-7-1152x1536.jpeg 1152w, https:\/\/poblaflorbodas.poblaflor.com\/wp-content\/uploads\/2023\/12\/Reyes-y-Francisco-7-1000x1333.jpeg 1000w, https:\/\/poblaflorbodas.poblaflor.com\/wp-content\/uploads\/2023\/12\/Reyes-y-Francisco-7-230x307.jpeg 230w, https:\/\/poblaflorbodas.poblaflor.com\/wp-content\/uploads\/2023\/12\/Reyes-y-Francisco-7-350x467.jpeg 350w, https:\/\/poblaflorbodas.poblaflor.com\/wp-content\/uploads\/2023\/12\/Reyes-y-Francisco-7-480x640.jpeg 480w, https:\/\/poblaflorbodas.poblaflor.com\/wp-content\/uploads\/2023\/12\/Reyes-y-Francisco-7.jpeg 1200w\" sizes=\"(max-width: 768px) 100vw, 768px\" \/><\/a><\/figure>\n\n\n\n<figure class=\"wp-block-image size-large\"><a href=\"https:\/\/poblaflorbodas.poblaflor.com\/wp-content\/uploads\/2022\/03\/WhatsApp-Image-2022-03-28-at-10.45.22-1.jpeg\" target=\"_blank\" rel=\"noopener\"><img decoding=\"async\" width=\"2048\" height=\"1536\" data-id=\"662\" src=\"https:\/\/poblaflorbodas.poblaflor.com\/wp-content\/uploads\/2022\/03\/WhatsApp-Image-2022-03-28-at-10.45.22-1.jpeg\" alt=\"mesa nupcial\" class=\"wp-image-662\" srcset=\"https:\/\/poblaflorbodas.poblaflor.com\/wp-content\/uploads\/2022\/03\/WhatsApp-Image-2022-03-28-at-10.45.22-1.jpeg 2048w, https:\/\/poblaflorbodas.poblaflor.com\/wp-content\/uploads\/2022\/03\/WhatsApp-Image-2022-03-28-at-10.45.22-1-300x225.jpeg 300w, https:\/\/poblaflorbodas.poblaflor.com\/wp-content\/uploads\/2022\/03\/WhatsApp-Image-2022-03-28-at-10.45.22-1-1024x768.jpeg 1024w, https:\/\/poblaflorbodas.poblaflor.com\/wp-content\/uploads\/2022\/03\/WhatsApp-Image-2022-03-28-at-10.45.22-1-768x576.jpeg 768w, https:\/\/poblaflorbodas.poblaflor.com\/wp-content\/uploads\/2022\/03\/WhatsApp-Image-2022-03-28-at-10.45.22-1-1536x1152.jpeg 1536w, https:\/\/poblaflorbodas.poblaflor.com\/wp-content\/uploads\/2022\/03\/WhatsApp-Image-2022-03-28-at-10.45.22-1-920x690.jpeg 920w, https:\/\/poblaflorbodas.poblaflor.com\/wp-content\/uploads\/2022\/03\/WhatsApp-Image-2022-03-28-at-10.45.22-1-230x173.jpeg 230w, https:\/\/poblaflorbodas.poblaflor.com\/wp-content\/uploads\/2022\/03\/WhatsApp-Image-2022-03-28-at-10.45.22-1-350x263.jpeg 350w, https:\/\/poblaflorbodas.poblaflor.com\/wp-content\/uploads\/2022\/03\/WhatsApp-Image-2022-03-28-at-10.45.22-1-480x360.jpeg 480w\" sizes=\"(max-width: 2048px) 100vw, 2048px\" \/><\/a><\/figure>\n\n\n\n<figure class=\"wp-block-image size-large\"><a href=\"https:\/\/poblaflorbodas.poblaflor.com\/wp-content\/uploads\/2021\/08\/25_opt-1.png\" target=\"_blank\" rel=\"noopener\"><img decoding=\"async\" width=\"400\" height=\"400\" data-id=\"604\" src=\"https:\/\/poblaflorbodas.poblaflor.com\/wp-content\/uploads\/2021\/08\/25_opt-1.png\" alt=\"\" class=\"wp-image-604\" srcset=\"https:\/\/poblaflorbodas.poblaflor.com\/wp-content\/uploads\/2021\/08\/25_opt-1.png 400w, https:\/\/poblaflorbodas.poblaflor.com\/wp-content\/uploads\/2021\/08\/25_opt-1-300x300.png 300w, https:\/\/poblaflorbodas.poblaflor.com\/wp-content\/uploads\/2021\/08\/25_opt-1-150x150.png 150w, https:\/\/poblaflorbodas.poblaflor.com\/wp-content\/uploads\/2021\/08\/25_opt-1-230x230.png 230w, https:\/\/poblaflorbodas.poblaflor.com\/wp-content\/uploads\/2021\/08\/25_opt-1-350x350.png 350w\" sizes=\"(max-width: 400px) 100vw, 400px\" \/><\/a><\/figure>\n\n\n\n<figure class=\"wp-block-image size-large\"><a href=\"https:\/\/poblaflorbodas.poblaflor.com\/wp-content\/uploads\/2021\/07\/IMG-20210604-WA0032.jpg\" target=\"_blank\" rel=\"noopener\"><img loading=\"lazy\" decoding=\"async\" width=\"768\" height=\"1024\" data-id=\"414\" src=\"https:\/\/poblaflorbodas.poblaflor.com\/wp-content\/uploads\/2021\/07\/IMG-20210604-WA0032-768x1024.jpg\" alt=\"\" class=\"wp-image-414\" srcset=\"https:\/\/poblaflorbodas.poblaflor.com\/wp-content\/uploads\/2021\/07\/IMG-20210604-WA0032-768x1024.jpg 768w, https:\/\/poblaflorbodas.poblaflor.com\/wp-content\/uploads\/2021\/07\/IMG-20210604-WA0032-225x300.jpg 225w, https:\/\/poblaflorbodas.poblaflor.com\/wp-content\/uploads\/2021\/07\/IMG-20210604-WA0032-1152x1536.jpg 1152w, https:\/\/poblaflorbodas.poblaflor.com\/wp-content\/uploads\/2021\/07\/IMG-20210604-WA0032-830x1107.jpg 830w, https:\/\/poblaflorbodas.poblaflor.com\/wp-content\/uploads\/2021\/07\/IMG-20210604-WA0032-230x307.jpg 230w, https:\/\/poblaflorbodas.poblaflor.com\/wp-content\/uploads\/2021\/07\/IMG-20210604-WA0032-350x467.jpg 350w, https:\/\/poblaflorbodas.poblaflor.com\/wp-content\/uploads\/2021\/07\/IMG-20210604-WA0032-480x640.jpg 480w, https:\/\/poblaflorbodas.poblaflor.com\/wp-content\/uploads\/2021\/07\/IMG-20210604-WA0032.jpg 1500w\" sizes=\"(max-width: 768px) 100vw, 768px\" \/><\/a><\/figure>\n\n\n\n<figure class=\"wp-block-image size-large\"><a href=\"https:\/\/poblaflorbodas.poblaflor.com\/wp-content\/uploads\/2021\/07\/44.png\" target=\"_blank\" rel=\"noopener\"><img loading=\"lazy\" decoding=\"async\" width=\"1024\" height=\"1024\" data-id=\"412\" src=\"https:\/\/poblaflorbodas.poblaflor.com\/wp-content\/uploads\/2021\/07\/44-1024x1024.png\" alt=\"\" class=\"wp-image-412\" srcset=\"https:\/\/poblaflorbodas.poblaflor.com\/wp-content\/uploads\/2021\/07\/44-1024x1024.png 1024w, https:\/\/poblaflorbodas.poblaflor.com\/wp-content\/uploads\/2021\/07\/44-300x300.png 300w, https:\/\/poblaflorbodas.poblaflor.com\/wp-content\/uploads\/2021\/07\/44-150x150.png 150w, https:\/\/poblaflorbodas.poblaflor.com\/wp-content\/uploads\/2021\/07\/44-768x768.png 768w, https:\/\/poblaflorbodas.poblaflor.com\/wp-content\/uploads\/2021\/07\/44-830x830.png 830w, https:\/\/poblaflorbodas.poblaflor.com\/wp-content\/uploads\/2021\/07\/44-230x230.png 230w, https:\/\/poblaflorbodas.poblaflor.com\/wp-content\/uploads\/2021\/07\/44-350x350.png 350w, https:\/\/poblaflorbodas.poblaflor.com\/wp-content\/uploads\/2021\/07\/44-480x480.png 480w, https:\/\/poblaflorbodas.poblaflor.com\/wp-content\/uploads\/2021\/07\/44.png 1080w\" sizes=\"(max-width: 1024px) 100vw, 1024px\" \/><\/a><\/figure>\n\n\n\n<figure class=\"wp-block-image size-large\"><a href=\"https:\/\/poblaflorbodas.poblaflor.com\/wp-content\/uploads\/2021\/07\/IMG-20210619-WA0026.jpg\" target=\"_blank\" rel=\"noopener\"><img loading=\"lazy\" decoding=\"async\" width=\"768\" height=\"1024\" data-id=\"415\" src=\"https:\/\/poblaflorbodas.poblaflor.com\/wp-content\/uploads\/2021\/07\/IMG-20210619-WA0026.jpg\" alt=\"\" class=\"wp-image-415\" srcset=\"https:\/\/poblaflorbodas.poblaflor.com\/wp-content\/uploads\/2021\/07\/IMG-20210619-WA0026.jpg 768w, https:\/\/poblaflorbodas.poblaflor.com\/wp-content\/uploads\/2021\/07\/IMG-20210619-WA0026-225x300.jpg 225w, https:\/\/poblaflorbodas.poblaflor.com\/wp-content\/uploads\/2021\/07\/IMG-20210619-WA0026-230x307.jpg 230w, https:\/\/poblaflorbodas.poblaflor.com\/wp-content\/uploads\/2021\/07\/IMG-20210619-WA0026-350x467.jpg 350w, https:\/\/poblaflorbodas.poblaflor.com\/wp-content\/uploads\/2021\/07\/IMG-20210619-WA0026-480x640.jpg 480w\" sizes=\"(max-width: 768px) 100vw, 768px\" \/><\/a><\/figure>\n\n\n\n<figure class=\"wp-block-image size-large\"><a href=\"https:\/\/poblaflorbodas.poblaflor.com\/wp-content\/uploads\/2021\/07\/CENTRO-DE-MESA-WEB-P.F.B-1.png\" target=\"_blank\" rel=\"noopener\"><img loading=\"lazy\" decoding=\"async\" width=\"1024\" height=\"1024\" data-id=\"413\" src=\"https:\/\/poblaflorbodas.poblaflor.com\/wp-content\/uploads\/2021\/07\/CENTRO-DE-MESA-WEB-P.F.B-1-1024x1024.png\" alt=\"\" class=\"wp-image-413\" srcset=\"https:\/\/poblaflorbodas.poblaflor.com\/wp-content\/uploads\/2021\/07\/CENTRO-DE-MESA-WEB-P.F.B-1-1024x1024.png 1024w, https:\/\/poblaflorbodas.poblaflor.com\/wp-content\/uploads\/2021\/07\/CENTRO-DE-MESA-WEB-P.F.B-1-300x300.png 300w, https:\/\/poblaflorbodas.poblaflor.com\/wp-content\/uploads\/2021\/07\/CENTRO-DE-MESA-WEB-P.F.B-1-150x150.png 150w, https:\/\/poblaflorbodas.poblaflor.com\/wp-content\/uploads\/2021\/07\/CENTRO-DE-MESA-WEB-P.F.B-1-768x768.png 768w, https:\/\/poblaflorbodas.poblaflor.com\/wp-content\/uploads\/2021\/07\/CENTRO-DE-MESA-WEB-P.F.B-1-830x830.png 830w, https:\/\/poblaflorbodas.poblaflor.com\/wp-content\/uploads\/2021\/07\/CENTRO-DE-MESA-WEB-P.F.B-1-230x230.png 230w, https:\/\/poblaflorbodas.poblaflor.com\/wp-content\/uploads\/2021\/07\/CENTRO-DE-MESA-WEB-P.F.B-1-350x350.png 350w, https:\/\/poblaflorbodas.poblaflor.com\/wp-content\/uploads\/2021\/07\/CENTRO-DE-MESA-WEB-P.F.B-1-480x480.png 480w, https:\/\/poblaflorbodas.poblaflor.com\/wp-content\/uploads\/2021\/07\/CENTRO-DE-MESA-WEB-P.F.B-1.png 1080w\" sizes=\"(max-width: 1024px) 100vw, 1024px\" \/><\/a><\/figure>\n\n\n\n<figure class=\"wp-block-image size-large\"><a href=\"https:\/\/poblaflorbodas.poblaflor.com\/wp-content\/uploads\/2021\/07\/42.png\" target=\"_blank\" rel=\"noopener\"><img loading=\"lazy\" decoding=\"async\" width=\"1024\" height=\"1024\" data-id=\"411\" src=\"https:\/\/poblaflorbodas.poblaflor.com\/wp-content\/uploads\/2021\/07\/42-1024x1024.png\" alt=\"\" class=\"wp-image-411\" srcset=\"https:\/\/poblaflorbodas.poblaflor.com\/wp-content\/uploads\/2021\/07\/42-1024x1024.png 1024w, https:\/\/poblaflorbodas.poblaflor.com\/wp-content\/uploads\/2021\/07\/42-300x300.png 300w, https:\/\/poblaflorbodas.poblaflor.com\/wp-content\/uploads\/2021\/07\/42-150x150.png 150w, https:\/\/poblaflorbodas.poblaflor.com\/wp-content\/uploads\/2021\/07\/42-768x768.png 768w, https:\/\/poblaflorbodas.poblaflor.com\/wp-content\/uploads\/2021\/07\/42-830x830.png 830w, https:\/\/poblaflorbodas.poblaflor.com\/wp-content\/uploads\/2021\/07\/42-230x230.png 230w, https:\/\/poblaflorbodas.poblaflor.com\/wp-content\/uploads\/2021\/07\/42-350x350.png 350w, https:\/\/poblaflorbodas.poblaflor.com\/wp-content\/uploads\/2021\/07\/42-480x480.png 480w, https:\/\/poblaflorbodas.poblaflor.com\/wp-content\/uploads\/2021\/07\/42.png 1080w\" sizes=\"(max-width: 1024px) 100vw, 1024px\" \/><\/a><\/figure>\n\n\n\n<figure class=\"wp-block-image size-large\"><a href=\"https:\/\/poblaflorbodas.poblaflor.com\/wp-content\/uploads\/2021\/07\/CENTRO-DE-MESA-WEB-P.F.B-2.png\" target=\"_blank\" rel=\"noopener\"><img loading=\"lazy\" decoding=\"async\" width=\"1024\" height=\"1024\" data-id=\"416\" src=\"https:\/\/poblaflorbodas.poblaflor.com\/wp-content\/uploads\/2021\/07\/CENTRO-DE-MESA-WEB-P.F.B-2-1024x1024.png\" alt=\"\" class=\"wp-image-416\" srcset=\"https:\/\/poblaflorbodas.poblaflor.com\/wp-content\/uploads\/2021\/07\/CENTRO-DE-MESA-WEB-P.F.B-2-1024x1024.png 1024w, https:\/\/poblaflorbodas.poblaflor.com\/wp-content\/uploads\/2021\/07\/CENTRO-DE-MESA-WEB-P.F.B-2-300x300.png 300w, https:\/\/poblaflorbodas.poblaflor.com\/wp-content\/uploads\/2021\/07\/CENTRO-DE-MESA-WEB-P.F.B-2-150x150.png 150w, https:\/\/poblaflorbodas.poblaflor.com\/wp-content\/uploads\/2021\/07\/CENTRO-DE-MESA-WEB-P.F.B-2-768x768.png 768w, https:\/\/poblaflorbodas.poblaflor.com\/wp-content\/uploads\/2021\/07\/CENTRO-DE-MESA-WEB-P.F.B-2-830x830.png 830w, https:\/\/poblaflorbodas.poblaflor.com\/wp-content\/uploads\/2021\/07\/CENTRO-DE-MESA-WEB-P.F.B-2-230x230.png 230w, https:\/\/poblaflorbodas.poblaflor.com\/wp-content\/uploads\/2021\/07\/CENTRO-DE-MESA-WEB-P.F.B-2-350x350.png 350w, https:\/\/poblaflorbodas.poblaflor.com\/wp-content\/uploads\/2021\/07\/CENTRO-DE-MESA-WEB-P.F.B-2-480x480.png 480w, https:\/\/poblaflorbodas.poblaflor.com\/wp-content\/uploads\/2021\/07\/CENTRO-DE-MESA-WEB-P.F.B-2.png 1080w\" sizes=\"(max-width: 1024px) 100vw, 1024px\" \/><\/a><\/figure>\n\n\n\n<figure class=\"wp-block-image size-large\"><a href=\"https:\/\/poblaflorbodas.poblaflor.com\/wp-content\/uploads\/2021\/07\/IMG_20210604_164601-scaled.jpg\" target=\"_blank\" rel=\"noopener\"><img loading=\"lazy\" decoding=\"async\" width=\"1024\" height=\"768\" data-id=\"417\" src=\"https:\/\/poblaflorbodas.poblaflor.com\/wp-content\/uploads\/2021\/07\/IMG_20210604_164601-1024x768.jpg\" alt=\"\" class=\"wp-image-417\" srcset=\"https:\/\/poblaflorbodas.poblaflor.com\/wp-content\/uploads\/2021\/07\/IMG_20210604_164601-1024x768.jpg 1024w, https:\/\/poblaflorbodas.poblaflor.com\/wp-content\/uploads\/2021\/07\/IMG_20210604_164601-300x225.jpg 300w, https:\/\/poblaflorbodas.poblaflor.com\/wp-content\/uploads\/2021\/07\/IMG_20210604_164601-768x576.jpg 768w, https:\/\/poblaflorbodas.poblaflor.com\/wp-content\/uploads\/2021\/07\/IMG_20210604_164601-1536x1152.jpg 1536w, https:\/\/poblaflorbodas.poblaflor.com\/wp-content\/uploads\/2021\/07\/IMG_20210604_164601-2048x1536.jpg 2048w, https:\/\/poblaflorbodas.poblaflor.com\/wp-content\/uploads\/2021\/07\/IMG_20210604_164601-830x623.jpg 830w, https:\/\/poblaflorbodas.poblaflor.com\/wp-content\/uploads\/2021\/07\/IMG_20210604_164601-230x173.jpg 230w, https:\/\/poblaflorbodas.poblaflor.com\/wp-content\/uploads\/2021\/07\/IMG_20210604_164601-350x263.jpg 350w, https:\/\/poblaflorbodas.poblaflor.com\/wp-content\/uploads\/2021\/07\/IMG_20210604_164601-480x360.jpg 480w\" sizes=\"(max-width: 1024px) 100vw, 1024px\" \/><\/a><\/figure>\n\n\n\n<figure class=\"wp-block-image size-large\"><a href=\"https:\/\/poblaflorbodas.poblaflor.com\/wp-content\/uploads\/2021\/07\/IMG-20210604-WA0024.jpg\" target=\"_blank\" rel=\"noopener\"><img loading=\"lazy\" decoding=\"async\" width=\"768\" height=\"1024\" data-id=\"418\" src=\"https:\/\/poblaflorbodas.poblaflor.com\/wp-content\/uploads\/2021\/07\/IMG-20210604-WA0024-768x1024.jpg\" alt=\"\" class=\"wp-image-418\" srcset=\"https:\/\/poblaflorbodas.poblaflor.com\/wp-content\/uploads\/2021\/07\/IMG-20210604-WA0024-768x1024.jpg 768w, https:\/\/poblaflorbodas.poblaflor.com\/wp-content\/uploads\/2021\/07\/IMG-20210604-WA0024-225x300.jpg 225w, https:\/\/poblaflorbodas.poblaflor.com\/wp-content\/uploads\/2021\/07\/IMG-20210604-WA0024-1152x1536.jpg 1152w, https:\/\/poblaflorbodas.poblaflor.com\/wp-content\/uploads\/2021\/07\/IMG-20210604-WA0024-830x1107.jpg 830w, https:\/\/poblaflorbodas.poblaflor.com\/wp-content\/uploads\/2021\/07\/IMG-20210604-WA0024-230x307.jpg 230w, https:\/\/poblaflorbodas.poblaflor.com\/wp-content\/uploads\/2021\/07\/IMG-20210604-WA0024-350x467.jpg 350w, https:\/\/poblaflorbodas.poblaflor.com\/wp-content\/uploads\/2021\/07\/IMG-20210604-WA0024-480x640.jpg 480w, https:\/\/poblaflorbodas.poblaflor.com\/wp-content\/uploads\/2021\/07\/IMG-20210604-WA0024.jpg 1500w\" sizes=\"(max-width: 768px) 100vw, 768px\" \/><\/a><\/figure>\n<\/figure>\n\n\n\n<p>Elige tu propuesta y pide cita con nosotros. Estamos a un <a href=\"https:\/\/poblaflorbodas.poblaflor.com\/index.php\/contacto\/\">click.<\/a><\/p>\n","protected":false},"excerpt":{"rendered":"<p>Da igual el tipo de boda que est\u00e9s organizando. Pon a volar tu imaginaci\u00f3n que, si lo sue\u00f1as, lo hacemos. Aqu\u00ed te [&hellip;]<\/p>\n","protected":false},"author":1,"featured_media":0,"parent":0,"menu_order":0,"comment_status":"closed","ping_status":"closed","template":"","meta":{"footnotes":""},"class_list":["post-409","page","type-page","status-publish","hentry"],"_links":{"self":[{"href":"https:\/\/poblaflorbodas.poblaflor.com\/index.php\/wp-json\/wp\/v2\/pages\/409","targetHints":{"allow":["GET"]}}],"collection":[{"href":"https:\/\/poblaflorbodas.poblaflor.com\/index.php\/wp-json\/wp\/v2\/pages"}],"about":[{"href":"https:\/\/poblaflorbodas.poblaflor.com\/index.php\/wp-json\/wp\/v2\/types\/page"}],"author":[{"embeddable":true,"href":"https:\/\/poblaflorbodas.poblaflor.com\/index.php\/wp-json\/wp\/v2\/users\/1"}],"replies":[{"embeddable":true,"href":"https:\/\/poblaflorbodas.poblaflor.com\/index.php\/wp-json\/wp\/v2\/comments?post=409"}],"version-history":[{"count":8,"href":"https:\/\/poblaflorbodas.poblaflor.com\/index.php\/wp-json\/wp\/v2\/pages\/409\/revisions"}],"predecessor-version":[{"id":1574,"href":"https:\/\/poblaflorbodas.poblaflor.com\/index.php\/wp-json\/wp\/v2\/pages\/409\/revisions\/1574"}],"wp:attachment":[{"href":"https:\/\/poblaflorbodas.poblaflor.com\/index.php\/wp-json\/wp\/v2\/media?parent=409"}],"curies":[{"name":"wp","href":"https:\/\/api.w.org\/{rel}","templated":true}]}}