{"id":346,"date":"2021-06-29T09:32:00","date_gmt":"2021-06-29T09:32:00","guid":{"rendered":"https:\/\/poblaflorbodas.poblaflor.com\/?page_id=346"},"modified":"2024-08-08T08:42:40","modified_gmt":"2024-08-08T08:42:40","slug":"tocados-y-diademas","status":"publish","type":"page","link":"https:\/\/poblaflorbodas.poblaflor.com\/index.php\/tocados-y-diademas\/","title":{"rendered":"Tocados y Diademas"},"content":{"rendered":"\n<p class=\"has-drop-cap\">Apostamos por la belleza de las flores con productos \u00fanicos, hechos a mano para que te sientas especial. El complemento ideal para ese d\u00eda tan importante. Si lo sue\u00f1as, lo hacemos realidad. Aqu\u00ed te dejamos una muestra, para que encuentres tu estilo.<\/p>\n\n\n\n<p>Elige el tocado para ti y pide una cita con nosotros. Estamos a un <a href=\"https:\/\/poblaflorbodas.poblaflor.com\/index.php\/contacto\/\">click.<\/a><\/p>\n\n\n\n<figure class=\"wp-block-gallery has-nested-images columns-default is-cropped wp-block-gallery-1 is-layout-flex wp-block-gallery-is-layout-flex\">\n<figure class=\"wp-block-image size-full\"><a href=\"https:\/\/poblaflorbodas.poblaflor.com\/wp-content\/uploads\/2024\/07\/Ma-Carmen-Navarro-1.jpeg\" target=\"_blank\" rel=\"noopener\"><img fetchpriority=\"high\" decoding=\"async\" width=\"372\" height=\"474\" data-id=\"1724\" src=\"https:\/\/poblaflorbodas.poblaflor.com\/wp-content\/uploads\/2024\/07\/Ma-Carmen-Navarro-1.jpeg\" alt=\"detalle tocado\" class=\"wp-image-1724\" srcset=\"https:\/\/poblaflorbodas.poblaflor.com\/wp-content\/uploads\/2024\/07\/Ma-Carmen-Navarro-1.jpeg 372w, https:\/\/poblaflorbodas.poblaflor.com\/wp-content\/uploads\/2024\/07\/Ma-Carmen-Navarro-1-235x300.jpeg 235w, https:\/\/poblaflorbodas.poblaflor.com\/wp-content\/uploads\/2024\/07\/Ma-Carmen-Navarro-1-230x293.jpeg 230w, https:\/\/poblaflorbodas.poblaflor.com\/wp-content\/uploads\/2024\/07\/Ma-Carmen-Navarro-1-350x446.jpeg 350w\" sizes=\"(max-width: 372px) 100vw, 372px\" \/><\/a><\/figure>\n\n\n\n<figure class=\"wp-block-image size-full\"><a href=\"https:\/\/poblaflorbodas.poblaflor.com\/wp-content\/uploads\/2021\/06\/30.png\" target=\"_blank\" rel=\"noopener\"><img decoding=\"async\" width=\"1080\" height=\"1080\" data-id=\"347\" src=\"https:\/\/poblaflorbodas.poblaflor.com\/wp-content\/uploads\/2021\/06\/30.png\" alt=\"\" class=\"wp-image-347\" srcset=\"https:\/\/poblaflorbodas.poblaflor.com\/wp-content\/uploads\/2021\/06\/30.png 1080w, https:\/\/poblaflorbodas.poblaflor.com\/wp-content\/uploads\/2021\/06\/30-300x300.png 300w, https:\/\/poblaflorbodas.poblaflor.com\/wp-content\/uploads\/2021\/06\/30-1024x1024.png 1024w, https:\/\/poblaflorbodas.poblaflor.com\/wp-content\/uploads\/2021\/06\/30-150x150.png 150w, https:\/\/poblaflorbodas.poblaflor.com\/wp-content\/uploads\/2021\/06\/30-768x768.png 768w, https:\/\/poblaflorbodas.poblaflor.com\/wp-content\/uploads\/2021\/06\/30-830x830.png 830w, https:\/\/poblaflorbodas.poblaflor.com\/wp-content\/uploads\/2021\/06\/30-230x230.png 230w, https:\/\/poblaflorbodas.poblaflor.com\/wp-content\/uploads\/2021\/06\/30-350x350.png 350w, https:\/\/poblaflorbodas.poblaflor.com\/wp-content\/uploads\/2021\/06\/30-480x480.png 480w\" sizes=\"(max-width: 1080px) 100vw, 1080px\" \/><\/a><\/figure>\n\n\n\n<figure class=\"wp-block-image size-full\"><a href=\"https:\/\/poblaflorbodas.poblaflor.com\/wp-content\/uploads\/2021\/06\/4-DIADEMAS-Y-COMPLEMENTOS-P.B.png\" target=\"_blank\" rel=\"noopener\"><img decoding=\"async\" width=\"1080\" height=\"1080\" data-id=\"348\" src=\"https:\/\/poblaflorbodas.poblaflor.com\/wp-content\/uploads\/2021\/06\/4-DIADEMAS-Y-COMPLEMENTOS-P.B.png\" alt=\"\" class=\"wp-image-348\" srcset=\"https:\/\/poblaflorbodas.poblaflor.com\/wp-content\/uploads\/2021\/06\/4-DIADEMAS-Y-COMPLEMENTOS-P.B.png 1080w, https:\/\/poblaflorbodas.poblaflor.com\/wp-content\/uploads\/2021\/06\/4-DIADEMAS-Y-COMPLEMENTOS-P.B-300x300.png 300w, https:\/\/poblaflorbodas.poblaflor.com\/wp-content\/uploads\/2021\/06\/4-DIADEMAS-Y-COMPLEMENTOS-P.B-1024x1024.png 1024w, https:\/\/poblaflorbodas.poblaflor.com\/wp-content\/uploads\/2021\/06\/4-DIADEMAS-Y-COMPLEMENTOS-P.B-150x150.png 150w, https:\/\/poblaflorbodas.poblaflor.com\/wp-content\/uploads\/2021\/06\/4-DIADEMAS-Y-COMPLEMENTOS-P.B-768x768.png 768w, https:\/\/poblaflorbodas.poblaflor.com\/wp-content\/uploads\/2021\/06\/4-DIADEMAS-Y-COMPLEMENTOS-P.B-830x830.png 830w, https:\/\/poblaflorbodas.poblaflor.com\/wp-content\/uploads\/2021\/06\/4-DIADEMAS-Y-COMPLEMENTOS-P.B-230x230.png 230w, https:\/\/poblaflorbodas.poblaflor.com\/wp-content\/uploads\/2021\/06\/4-DIADEMAS-Y-COMPLEMENTOS-P.B-350x350.png 350w, https:\/\/poblaflorbodas.poblaflor.com\/wp-content\/uploads\/2021\/06\/4-DIADEMAS-Y-COMPLEMENTOS-P.B-480x480.png 480w\" sizes=\"(max-width: 1080px) 100vw, 1080px\" \/><\/a><\/figure>\n\n\n\n<figure class=\"wp-block-image size-full\"><a href=\"https:\/\/poblaflorbodas.poblaflor.com\/wp-content\/uploads\/2021\/06\/3-RAMOS-P.F.BODAS-3.png\" target=\"_blank\" rel=\"noopener\"><img loading=\"lazy\" decoding=\"async\" width=\"1080\" height=\"1080\" data-id=\"349\" src=\"https:\/\/poblaflorbodas.poblaflor.com\/wp-content\/uploads\/2021\/06\/3-RAMOS-P.F.BODAS-3.png\" alt=\"\" class=\"wp-image-349\" srcset=\"https:\/\/poblaflorbodas.poblaflor.com\/wp-content\/uploads\/2021\/06\/3-RAMOS-P.F.BODAS-3.png 1080w, https:\/\/poblaflorbodas.poblaflor.com\/wp-content\/uploads\/2021\/06\/3-RAMOS-P.F.BODAS-3-300x300.png 300w, https:\/\/poblaflorbodas.poblaflor.com\/wp-content\/uploads\/2021\/06\/3-RAMOS-P.F.BODAS-3-1024x1024.png 1024w, https:\/\/poblaflorbodas.poblaflor.com\/wp-content\/uploads\/2021\/06\/3-RAMOS-P.F.BODAS-3-150x150.png 150w, https:\/\/poblaflorbodas.poblaflor.com\/wp-content\/uploads\/2021\/06\/3-RAMOS-P.F.BODAS-3-768x768.png 768w, https:\/\/poblaflorbodas.poblaflor.com\/wp-content\/uploads\/2021\/06\/3-RAMOS-P.F.BODAS-3-830x830.png 830w, https:\/\/poblaflorbodas.poblaflor.com\/wp-content\/uploads\/2021\/06\/3-RAMOS-P.F.BODAS-3-230x230.png 230w, https:\/\/poblaflorbodas.poblaflor.com\/wp-content\/uploads\/2021\/06\/3-RAMOS-P.F.BODAS-3-350x350.png 350w, https:\/\/poblaflorbodas.poblaflor.com\/wp-content\/uploads\/2021\/06\/3-RAMOS-P.F.BODAS-3-480x480.png 480w\" sizes=\"(max-width: 1080px) 100vw, 1080px\" \/><\/a><\/figure>\n\n\n\n<figure class=\"wp-block-image size-full\"><a href=\"https:\/\/poblaflorbodas.poblaflor.com\/wp-content\/uploads\/2021\/06\/19.png\" target=\"_blank\" rel=\"noopener\"><img loading=\"lazy\" decoding=\"async\" width=\"1080\" height=\"1080\" data-id=\"350\" src=\"https:\/\/poblaflorbodas.poblaflor.com\/wp-content\/uploads\/2021\/06\/19.png\" alt=\"\" class=\"wp-image-350\" srcset=\"https:\/\/poblaflorbodas.poblaflor.com\/wp-content\/uploads\/2021\/06\/19.png 1080w, https:\/\/poblaflorbodas.poblaflor.com\/wp-content\/uploads\/2021\/06\/19-300x300.png 300w, https:\/\/poblaflorbodas.poblaflor.com\/wp-content\/uploads\/2021\/06\/19-1024x1024.png 1024w, https:\/\/poblaflorbodas.poblaflor.com\/wp-content\/uploads\/2021\/06\/19-150x150.png 150w, https:\/\/poblaflorbodas.poblaflor.com\/wp-content\/uploads\/2021\/06\/19-768x768.png 768w, https:\/\/poblaflorbodas.poblaflor.com\/wp-content\/uploads\/2021\/06\/19-830x830.png 830w, https:\/\/poblaflorbodas.poblaflor.com\/wp-content\/uploads\/2021\/06\/19-230x230.png 230w, https:\/\/poblaflorbodas.poblaflor.com\/wp-content\/uploads\/2021\/06\/19-350x350.png 350w, https:\/\/poblaflorbodas.poblaflor.com\/wp-content\/uploads\/2021\/06\/19-480x480.png 480w\" sizes=\"(max-width: 1080px) 100vw, 1080px\" \/><\/a><\/figure>\n\n\n\n<figure class=\"wp-block-image size-full\"><a href=\"https:\/\/poblaflorbodas.poblaflor.com\/wp-content\/uploads\/2021\/06\/9-2.png\" target=\"_blank\" rel=\"noopener\"><img loading=\"lazy\" decoding=\"async\" width=\"1080\" height=\"1080\" data-id=\"351\" src=\"https:\/\/poblaflorbodas.poblaflor.com\/wp-content\/uploads\/2021\/06\/9-2.png\" alt=\"\" class=\"wp-image-351\" srcset=\"https:\/\/poblaflorbodas.poblaflor.com\/wp-content\/uploads\/2021\/06\/9-2.png 1080w, https:\/\/poblaflorbodas.poblaflor.com\/wp-content\/uploads\/2021\/06\/9-2-300x300.png 300w, https:\/\/poblaflorbodas.poblaflor.com\/wp-content\/uploads\/2021\/06\/9-2-1024x1024.png 1024w, https:\/\/poblaflorbodas.poblaflor.com\/wp-content\/uploads\/2021\/06\/9-2-150x150.png 150w, https:\/\/poblaflorbodas.poblaflor.com\/wp-content\/uploads\/2021\/06\/9-2-768x768.png 768w, https:\/\/poblaflorbodas.poblaflor.com\/wp-content\/uploads\/2021\/06\/9-2-830x830.png 830w, https:\/\/poblaflorbodas.poblaflor.com\/wp-content\/uploads\/2021\/06\/9-2-230x230.png 230w, https:\/\/poblaflorbodas.poblaflor.com\/wp-content\/uploads\/2021\/06\/9-2-350x350.png 350w, https:\/\/poblaflorbodas.poblaflor.com\/wp-content\/uploads\/2021\/06\/9-2-480x480.png 480w\" sizes=\"(max-width: 1080px) 100vw, 1080px\" \/><\/a><\/figure>\n\n\n\n<figure class=\"wp-block-image size-full\"><a href=\"https:\/\/poblaflorbodas.poblaflor.com\/wp-content\/uploads\/2021\/06\/8-2.png\" target=\"_blank\" rel=\"noopener\"><img loading=\"lazy\" decoding=\"async\" width=\"1080\" height=\"1080\" data-id=\"352\" src=\"https:\/\/poblaflorbodas.poblaflor.com\/wp-content\/uploads\/2021\/06\/8-2.png\" alt=\"\" class=\"wp-image-352\" srcset=\"https:\/\/poblaflorbodas.poblaflor.com\/wp-content\/uploads\/2021\/06\/8-2.png 1080w, https:\/\/poblaflorbodas.poblaflor.com\/wp-content\/uploads\/2021\/06\/8-2-300x300.png 300w, https:\/\/poblaflorbodas.poblaflor.com\/wp-content\/uploads\/2021\/06\/8-2-1024x1024.png 1024w, https:\/\/poblaflorbodas.poblaflor.com\/wp-content\/uploads\/2021\/06\/8-2-150x150.png 150w, https:\/\/poblaflorbodas.poblaflor.com\/wp-content\/uploads\/2021\/06\/8-2-768x768.png 768w, https:\/\/poblaflorbodas.poblaflor.com\/wp-content\/uploads\/2021\/06\/8-2-830x830.png 830w, https:\/\/poblaflorbodas.poblaflor.com\/wp-content\/uploads\/2021\/06\/8-2-230x230.png 230w, https:\/\/poblaflorbodas.poblaflor.com\/wp-content\/uploads\/2021\/06\/8-2-350x350.png 350w, https:\/\/poblaflorbodas.poblaflor.com\/wp-content\/uploads\/2021\/06\/8-2-480x480.png 480w\" sizes=\"(max-width: 1080px) 100vw, 1080px\" \/><\/a><\/figure>\n\n\n\n<figure class=\"wp-block-image size-full\"><a href=\"https:\/\/poblaflorbodas.poblaflor.com\/wp-content\/uploads\/2021\/06\/3-RAMOS-P.F.BODAS-2.png\" target=\"_blank\" rel=\"noopener\"><img loading=\"lazy\" decoding=\"async\" width=\"1080\" height=\"1080\" data-id=\"353\" src=\"https:\/\/poblaflorbodas.poblaflor.com\/wp-content\/uploads\/2021\/06\/3-RAMOS-P.F.BODAS-2.png\" alt=\"\" class=\"wp-image-353\" srcset=\"https:\/\/poblaflorbodas.poblaflor.com\/wp-content\/uploads\/2021\/06\/3-RAMOS-P.F.BODAS-2.png 1080w, https:\/\/poblaflorbodas.poblaflor.com\/wp-content\/uploads\/2021\/06\/3-RAMOS-P.F.BODAS-2-300x300.png 300w, https:\/\/poblaflorbodas.poblaflor.com\/wp-content\/uploads\/2021\/06\/3-RAMOS-P.F.BODAS-2-1024x1024.png 1024w, https:\/\/poblaflorbodas.poblaflor.com\/wp-content\/uploads\/2021\/06\/3-RAMOS-P.F.BODAS-2-150x150.png 150w, https:\/\/poblaflorbodas.poblaflor.com\/wp-content\/uploads\/2021\/06\/3-RAMOS-P.F.BODAS-2-768x768.png 768w, https:\/\/poblaflorbodas.poblaflor.com\/wp-content\/uploads\/2021\/06\/3-RAMOS-P.F.BODAS-2-830x830.png 830w, https:\/\/poblaflorbodas.poblaflor.com\/wp-content\/uploads\/2021\/06\/3-RAMOS-P.F.BODAS-2-230x230.png 230w, https:\/\/poblaflorbodas.poblaflor.com\/wp-content\/uploads\/2021\/06\/3-RAMOS-P.F.BODAS-2-350x350.png 350w, https:\/\/poblaflorbodas.poblaflor.com\/wp-content\/uploads\/2021\/06\/3-RAMOS-P.F.BODAS-2-480x480.png 480w\" sizes=\"(max-width: 1080px) 100vw, 1080px\" \/><\/a><\/figure>\n\n\n\n<figure class=\"wp-block-image size-full\"><a href=\"https:\/\/poblaflorbodas.poblaflor.com\/wp-content\/uploads\/2021\/06\/1-3.png\" target=\"_blank\" rel=\"noopener\"><img loading=\"lazy\" decoding=\"async\" width=\"1080\" height=\"1080\" data-id=\"354\" src=\"https:\/\/poblaflorbodas.poblaflor.com\/wp-content\/uploads\/2021\/06\/1-3.png\" alt=\"\" class=\"wp-image-354\" srcset=\"https:\/\/poblaflorbodas.poblaflor.com\/wp-content\/uploads\/2021\/06\/1-3.png 1080w, https:\/\/poblaflorbodas.poblaflor.com\/wp-content\/uploads\/2021\/06\/1-3-300x300.png 300w, https:\/\/poblaflorbodas.poblaflor.com\/wp-content\/uploads\/2021\/06\/1-3-1024x1024.png 1024w, https:\/\/poblaflorbodas.poblaflor.com\/wp-content\/uploads\/2021\/06\/1-3-150x150.png 150w, https:\/\/poblaflorbodas.poblaflor.com\/wp-content\/uploads\/2021\/06\/1-3-768x768.png 768w, https:\/\/poblaflorbodas.poblaflor.com\/wp-content\/uploads\/2021\/06\/1-3-830x830.png 830w, https:\/\/poblaflorbodas.poblaflor.com\/wp-content\/uploads\/2021\/06\/1-3-230x230.png 230w, https:\/\/poblaflorbodas.poblaflor.com\/wp-content\/uploads\/2021\/06\/1-3-350x350.png 350w, https:\/\/poblaflorbodas.poblaflor.com\/wp-content\/uploads\/2021\/06\/1-3-480x480.png 480w\" sizes=\"(max-width: 1080px) 100vw, 1080px\" \/><\/a><\/figure>\n\n\n\n<figure class=\"wp-block-image size-full\"><a href=\"https:\/\/poblaflorbodas.poblaflor.com\/wp-content\/uploads\/2021\/06\/3-3.png\" target=\"_blank\" rel=\"noopener\"><img loading=\"lazy\" decoding=\"async\" width=\"1080\" height=\"1080\" data-id=\"355\" src=\"https:\/\/poblaflorbodas.poblaflor.com\/wp-content\/uploads\/2021\/06\/3-3.png\" alt=\"\" class=\"wp-image-355\" srcset=\"https:\/\/poblaflorbodas.poblaflor.com\/wp-content\/uploads\/2021\/06\/3-3.png 1080w, https:\/\/poblaflorbodas.poblaflor.com\/wp-content\/uploads\/2021\/06\/3-3-300x300.png 300w, https:\/\/poblaflorbodas.poblaflor.com\/wp-content\/uploads\/2021\/06\/3-3-1024x1024.png 1024w, https:\/\/poblaflorbodas.poblaflor.com\/wp-content\/uploads\/2021\/06\/3-3-150x150.png 150w, https:\/\/poblaflorbodas.poblaflor.com\/wp-content\/uploads\/2021\/06\/3-3-768x768.png 768w, https:\/\/poblaflorbodas.poblaflor.com\/wp-content\/uploads\/2021\/06\/3-3-830x830.png 830w, https:\/\/poblaflorbodas.poblaflor.com\/wp-content\/uploads\/2021\/06\/3-3-230x230.png 230w, https:\/\/poblaflorbodas.poblaflor.com\/wp-content\/uploads\/2021\/06\/3-3-350x350.png 350w, https:\/\/poblaflorbodas.poblaflor.com\/wp-content\/uploads\/2021\/06\/3-3-480x480.png 480w\" sizes=\"(max-width: 1080px) 100vw, 1080px\" \/><\/a><\/figure>\n\n\n\n<figure class=\"wp-block-image size-full\"><a href=\"https:\/\/poblaflorbodas.poblaflor.com\/wp-content\/uploads\/2021\/06\/3-RAMOS-P.F.BODAS-9.png\" target=\"_blank\" rel=\"noopener\"><img loading=\"lazy\" decoding=\"async\" width=\"1080\" height=\"1080\" data-id=\"356\" src=\"https:\/\/poblaflorbodas.poblaflor.com\/wp-content\/uploads\/2021\/06\/3-RAMOS-P.F.BODAS-9.png\" alt=\"\" class=\"wp-image-356\" srcset=\"https:\/\/poblaflorbodas.poblaflor.com\/wp-content\/uploads\/2021\/06\/3-RAMOS-P.F.BODAS-9.png 1080w, https:\/\/poblaflorbodas.poblaflor.com\/wp-content\/uploads\/2021\/06\/3-RAMOS-P.F.BODAS-9-300x300.png 300w, https:\/\/poblaflorbodas.poblaflor.com\/wp-content\/uploads\/2021\/06\/3-RAMOS-P.F.BODAS-9-1024x1024.png 1024w, https:\/\/poblaflorbodas.poblaflor.com\/wp-content\/uploads\/2021\/06\/3-RAMOS-P.F.BODAS-9-150x150.png 150w, https:\/\/poblaflorbodas.poblaflor.com\/wp-content\/uploads\/2021\/06\/3-RAMOS-P.F.BODAS-9-768x768.png 768w, https:\/\/poblaflorbodas.poblaflor.com\/wp-content\/uploads\/2021\/06\/3-RAMOS-P.F.BODAS-9-830x830.png 830w, https:\/\/poblaflorbodas.poblaflor.com\/wp-content\/uploads\/2021\/06\/3-RAMOS-P.F.BODAS-9-230x230.png 230w, https:\/\/poblaflorbodas.poblaflor.com\/wp-content\/uploads\/2021\/06\/3-RAMOS-P.F.BODAS-9-350x350.png 350w, https:\/\/poblaflorbodas.poblaflor.com\/wp-content\/uploads\/2021\/06\/3-RAMOS-P.F.BODAS-9-480x480.png 480w\" sizes=\"(max-width: 1080px) 100vw, 1080px\" \/><\/a><\/figure>\n\n\n\n<figure class=\"wp-block-image size-full\"><a href=\"https:\/\/poblaflorbodas.poblaflor.com\/wp-content\/uploads\/2021\/06\/25-1.png\" target=\"_blank\" rel=\"noopener\"><img loading=\"lazy\" decoding=\"async\" width=\"1080\" height=\"1080\" data-id=\"370\" src=\"https:\/\/poblaflorbodas.poblaflor.com\/wp-content\/uploads\/2021\/06\/25-1.png\" alt=\"\" class=\"wp-image-370\" srcset=\"https:\/\/poblaflorbodas.poblaflor.com\/wp-content\/uploads\/2021\/06\/25-1.png 1080w, https:\/\/poblaflorbodas.poblaflor.com\/wp-content\/uploads\/2021\/06\/25-1-300x300.png 300w, https:\/\/poblaflorbodas.poblaflor.com\/wp-content\/uploads\/2021\/06\/25-1-1024x1024.png 1024w, https:\/\/poblaflorbodas.poblaflor.com\/wp-content\/uploads\/2021\/06\/25-1-150x150.png 150w, https:\/\/poblaflorbodas.poblaflor.com\/wp-content\/uploads\/2021\/06\/25-1-768x768.png 768w, https:\/\/poblaflorbodas.poblaflor.com\/wp-content\/uploads\/2021\/06\/25-1-830x830.png 830w, https:\/\/poblaflorbodas.poblaflor.com\/wp-content\/uploads\/2021\/06\/25-1-230x230.png 230w, https:\/\/poblaflorbodas.poblaflor.com\/wp-content\/uploads\/2021\/06\/25-1-350x350.png 350w, https:\/\/poblaflorbodas.poblaflor.com\/wp-content\/uploads\/2021\/06\/25-1-480x480.png 480w\" sizes=\"(max-width: 1080px) 100vw, 1080px\" \/><\/a><\/figure>\n\n\n\n<figure class=\"wp-block-image size-full\"><a href=\"https:\/\/poblaflorbodas.poblaflor.com\/wp-content\/uploads\/2021\/06\/4-DIADEMAS-Y-COMPLEMENTOS-P.B-2.png\" target=\"_blank\" rel=\"noopener\"><img loading=\"lazy\" decoding=\"async\" width=\"1080\" height=\"1080\" data-id=\"371\" src=\"https:\/\/poblaflorbodas.poblaflor.com\/wp-content\/uploads\/2021\/06\/4-DIADEMAS-Y-COMPLEMENTOS-P.B-2.png\" alt=\"\" class=\"wp-image-371\" srcset=\"https:\/\/poblaflorbodas.poblaflor.com\/wp-content\/uploads\/2021\/06\/4-DIADEMAS-Y-COMPLEMENTOS-P.B-2.png 1080w, https:\/\/poblaflorbodas.poblaflor.com\/wp-content\/uploads\/2021\/06\/4-DIADEMAS-Y-COMPLEMENTOS-P.B-2-300x300.png 300w, https:\/\/poblaflorbodas.poblaflor.com\/wp-content\/uploads\/2021\/06\/4-DIADEMAS-Y-COMPLEMENTOS-P.B-2-1024x1024.png 1024w, https:\/\/poblaflorbodas.poblaflor.com\/wp-content\/uploads\/2021\/06\/4-DIADEMAS-Y-COMPLEMENTOS-P.B-2-150x150.png 150w, https:\/\/poblaflorbodas.poblaflor.com\/wp-content\/uploads\/2021\/06\/4-DIADEMAS-Y-COMPLEMENTOS-P.B-2-768x768.png 768w, https:\/\/poblaflorbodas.poblaflor.com\/wp-content\/uploads\/2021\/06\/4-DIADEMAS-Y-COMPLEMENTOS-P.B-2-830x830.png 830w, https:\/\/poblaflorbodas.poblaflor.com\/wp-content\/uploads\/2021\/06\/4-DIADEMAS-Y-COMPLEMENTOS-P.B-2-230x230.png 230w, https:\/\/poblaflorbodas.poblaflor.com\/wp-content\/uploads\/2021\/06\/4-DIADEMAS-Y-COMPLEMENTOS-P.B-2-350x350.png 350w, https:\/\/poblaflorbodas.poblaflor.com\/wp-content\/uploads\/2021\/06\/4-DIADEMAS-Y-COMPLEMENTOS-P.B-2-480x480.png 480w\" sizes=\"(max-width: 1080px) 100vw, 1080px\" \/><\/a><\/figure>\n<\/figure>\n","protected":false},"excerpt":{"rendered":"<p>Apostamos por la belleza de las flores con productos \u00fanicos, hechos a mano para que te sientas especial. El complemento ideal para [&hellip;]<\/p>\n","protected":false},"author":1,"featured_media":0,"parent":0,"menu_order":0,"comment_status":"closed","ping_status":"closed","template":"","meta":{"footnotes":""},"class_list":["post-346","page","type-page","status-publish","hentry"],"_links":{"self":[{"href":"https:\/\/poblaflorbodas.poblaflor.com\/index.php\/wp-json\/wp\/v2\/pages\/346","targetHints":{"allow":["GET"]}}],"collection":[{"href":"https:\/\/poblaflorbodas.poblaflor.com\/index.php\/wp-json\/wp\/v2\/pages"}],"about":[{"href":"https:\/\/poblaflorbodas.poblaflor.com\/index.php\/wp-json\/wp\/v2\/types\/page"}],"author":[{"embeddable":true,"href":"https:\/\/poblaflorbodas.poblaflor.com\/index.php\/wp-json\/wp\/v2\/users\/1"}],"replies":[{"embeddable":true,"href":"https:\/\/poblaflorbodas.poblaflor.com\/index.php\/wp-json\/wp\/v2\/comments?post=346"}],"version-history":[{"count":5,"href":"https:\/\/poblaflorbodas.poblaflor.com\/index.php\/wp-json\/wp\/v2\/pages\/346\/revisions"}],"predecessor-version":[{"id":1769,"href":"https:\/\/poblaflorbodas.poblaflor.com\/index.php\/wp-json\/wp\/v2\/pages\/346\/revisions\/1769"}],"wp:attachment":[{"href":"https:\/\/poblaflorbodas.poblaflor.com\/index.php\/wp-json\/wp\/v2\/media?parent=346"}],"curies":[{"name":"wp","href":"https:\/\/api.w.org\/{rel}","templated":true}]}}