{"id":321,"date":"2021-06-22T09:22:27","date_gmt":"2021-06-22T09:22:27","guid":{"rendered":"https:\/\/poblaflorbodas.poblaflor.com\/?page_id=321"},"modified":"2023-08-07T15:23:28","modified_gmt":"2023-08-07T15:23:28","slug":"aviso-legal","status":"publish","type":"page","link":"https:\/\/poblaflorbodas.poblaflor.com\/index.php\/aviso-legal\/","title":{"rendered":"Aviso Legal"},"content":{"rendered":"\n<p><strong>1. INTRODUCCI\u00d3N.<\/strong><\/p>\n\n\n\n<p>El presente documento tiene como finalidad el establecer y regular las normas de uso del Sitio <a href=\"http:\/\/www.poblaflorbodas.poblaflor.com\">www.poblaflorbodas.poblaflor.com<\/a> en adelante el \u00abSitio\u00bb), en cumplimiento del art\u00edculo 21 de la <em>Ley 34\/2002, de 11 de julio, de Servicios de la Sociedad de la Informaci\u00f3n y de Comercio Electr\u00f3nico<\/em>, entendiendo por Sitio todas las p\u00e1ginas y sus contenidos propiedad de POBLAFLOR SL a las cuales se accede a trav\u00e9s del dominio www,poblaflor.com<\/p>\n\n\n\n<p>La utilizaci\u00f3n del Sitio atribuye la condici\u00f3n de Usuario del mismo e implica la aceptaci\u00f3n de todas las condiciones incluidas en el presente Aviso Legal. El Usuario se compromete a leer atentamente el presente Aviso Legal en cada una de las ocasiones en que se proponga utilizar el Sitio, ya que \u00e9ste y sus condiciones de uso recogidas en el presente Aviso Legal pueden sufrir modificaciones.<\/p>\n\n\n\n<p><strong>2. TITULARIDAD DEL SITIO WEB.<\/strong><\/p>\n\n\n\n<ul class=\"wp-block-list\">\n<li>Nombre o Denominaci\u00f3n Social<\/li>\n<\/ul>\n\n\n\n<p>POBLAFLOR SL<\/p>\n\n\n\n<p>CIF: B96519616<\/p>\n\n\n\n<ul class=\"wp-block-list\">\n<li>Residencia o Domicilio (o direcci\u00f3n de establecimiento permanente)<\/li>\n<\/ul>\n\n\n\n<p>C\/ GUILLERMO ROCH, 41 BAJO LA POBLA DE VALLBONA (VALENCIA)<\/p>\n\n\n\n<ul class=\"wp-block-list\">\n<li>Correo electr\u00f3nico<\/li>\n<\/ul>\n\n\n\n<p>contabilidad.poblaflor@gmail.com <\/p>\n\n\n\n<ul class=\"wp-block-list\">\n<li>Cualquier otro dato para establecer comunicaci\u00f3n directa y efectiva <strong><\/strong><\/li>\n<\/ul>\n\n\n\n<p>Tel\u00e9fono de Contacto: 640154265<\/p>\n\n\n\n<p><strong>3. PROPIEDAD INTELECTUAL E INDUSTRIAL.<\/strong><\/p>\n\n\n\n<p>Los derechos de propiedad intelectual del contenido de este Sitio, son titularidad de POBLAFLOR SL.<\/p>\n\n\n\n<p>La reproducci\u00f3n, distribuci\u00f3n, comercializaci\u00f3n o transformaci\u00f3n, total o parcial, no autorizadas del contenido del Sitio, a no ser que sea para uso personal y privado, constituye una infracci\u00f3n de los derechos de propiedad intelectual de POBLAFLOR SL. Igualmente, todas las marcas o signos distintivos de cualquier clase contenidos en el Sitio est\u00e1n protegidos por Ley. La utilizaci\u00f3n no autorizada de la informaci\u00f3n contenida en este Sitio, as\u00ed como los perjuicios ocasionados en los derechos de propiedad intelectual e industrial de POBLAFLOR SL pueden dar lugar al ejercicio de las acciones que legalmente correspondan y, si procede, a las responsabilidades que de dicho ejercicio se deriven.<\/p>\n\n\n\n<p><strong>4. EXCLUSI\u00d3N DE RESPONSABILIDAD.<\/strong><\/p>\n\n\n\n<p>POBLAFLOR SL, se reserva el derecho de modificar el contenido del Sitio sin previo aviso y sin ning\u00fan tipo de limitaci\u00f3n.<\/p>\n\n\n\n<p>Asimismo, declina cualquier responsabilidad por los eventuales da\u00f1os y perjuicios que puedan ocasionarse por la falta de disponibilidad y\/o continuidad de este Sitio y de los servicios que se ofrecen en el. POBLAFLOR SL, no garantiza la ausencia de virus ni de otros elementos en la web que puedan producir alteraciones en su sistema inform\u00e1tico. POBLAFLOR SL, declina cualquier responsabilidad contractual o extracontractual con los Usuarios que hagan uso de ello y tuviera perjuicios de cualquier naturaleza ocasionados por virus inform\u00e1ticos o por elementos inform\u00e1ticos de cualquier \u00edndole.<\/p>\n\n\n\n<p>POBLAFLOR SL, declina cualquier responsabilidad por los servicios que eventualmente pudieran prestarse en el Sitio por parte de terceros.<\/p>\n\n\n\n<p>POBLAFLOR SL, declina cualquier responsabilidad por los servicios y\/o informaci\u00f3n que se preste en otros Sitios enlazados con este.<\/p>\n\n\n\n<p>POBLAFLOR SL, no controla ni ejerce ning\u00fan tipo de supervisi\u00f3n en Sitios Webs de terceros. Aconsejamos a los Usuarios de los mismos a actuar con prudencia y consultar las eventuales condiciones legales que se expongan en dichas webs.<\/p>\n\n\n\n<p>Los Usuarios que remitan cualquier tipo de informaci\u00f3n a POBLAFLOR SL, se comprometen a que la misma sea veraz y que no vulnere cualquier derecho de terceros ni la legalidad vigente.<\/p>\n\n\n\n<p><strong>5. CONDICIONES DE USO:<\/strong><\/p>\n\n\n\n<p>El acceso al presente Sitio es gratuito salvo en lo relativo al coste de la conexi\u00f3n a trav\u00e9s de la red de telecomunicaciones suministrada por el proveedor de acceso contratado por los usuarios. Queda expresamente prohibido el uso del Sitio con fines lesivos de bienes o intereses de POBLAFLOR SL o de terceros o que de cualquier otra forma sobrecarguen, da\u00f1en o inutilicen las redes, servidores y dem\u00e1s equipos inform\u00e1ticos (hardware) o productos y aplicaciones inform\u00e1ticas (software) de POBLAFLOR SL, o de terceros.<\/p>\n\n\n\n<p>En el caso de que el Usuario tuviera conocimiento de que los Sitios enlazados remiten a p\u00e1ginas cuyos contenidos o servicios son il\u00edcitos, nocivos, denigrantes, violentos o contrarios a la moral le agradecer\u00edamos que se pusiera en contacto con POBLAFLOR SL.<\/p>\n\n\n\n<p><strong>6. PROTECCI\u00d3N DE DATOS<\/strong><\/p>\n\n\n\n<p>De conformidad con la Ley Org\u00e1nica 3\/2018, de 5 de diciembre, de Protecci\u00f3n de Datos Personales y garant\u00eda de los derechos digitales (LOPD), POBLAFLOR SL, pone en su conocimiento que los datos de car\u00e1cter personal suministrados por sus clientes quedar\u00e1n incorporados en ficheros automatizados responsabilidad de POBLAFLOR SL.<\/p>\n\n\n\n<p>Dichos datos ser\u00e1n procesados con el fin de prestarle el servicio por usted solicitado y realizar la facturaci\u00f3n del mismo. Los datos proporcionados se conservar\u00e1n mientras se mantenga la relaci\u00f3n o durante los a\u00f1os necesarios para cumplir con las obligaciones legales.<\/p>\n\n\n\n<p>Los datos no se ceder\u00e1n a terceros salvo en los casos en que exista una obligaci\u00f3n legal o sea necesario para prestarle el servicio:<\/p>\n\n\n\n<ul class=\"wp-block-list\">\n<li>Bancos y entidades financieras (para el cobro del servicio)<\/li>\n\n\n\n<li>Gestor\u00eda, Administraci\u00f3n tributaria y Seguridad Social para cumplir con las obligaciones fiscales<\/li>\n<\/ul>\n\n\n\n<p>Como responsable del fichero, POBLAFLOR SL se compromete al cumplimiento de su obligaci\u00f3n de secreto con respecto a los datos de car\u00e1cter personal y su deber de guardarlos con el grado de protecci\u00f3n adecuado, conforme a la legislaci\u00f3n vigente. Para ello adoptamos las medidas de seguridad, tanto a nivel t\u00e9cnico como organizativo, necesarias a fin de evitar su alteraci\u00f3n, p\u00e9rdida, tratamiento o acceso no autorizado por parte de terceros que los puedan utilizar con finalidades distintas de aquellas para las que han sido solicitados al usuario, habida cuenta en todo momento del estado de la tecnolog\u00eda.<\/p>\n\n\n\n<p>Usted tiene derecho a acceder a sus datos personales, rectificar los datos inexactos o solicitar su supresi\u00f3n cuando los datos ya no sean necesarios. Tambi\u00e9n podr\u00e1 oponerse o limitar su tratamiento, o solicitar su portabilidad. Para ello podr\u00e1 remitirnos una petici\u00f3n en tal sentido, acompa\u00f1ando una fotocopia de su D.N.I.<\/p>\n\n\n\n<p><strong>7. LEGISLACI\u00d3N.<\/strong><\/p>\n\n\n\n<p>Las presentes condiciones generales se rigen por la legislaci\u00f3n espa\u00f1ola. El Usuario acepta estos T\u00e9rminos de Uso, y cualquier tipo de controversia relativa al uso de este sitio web, ser\u00e1 interpretado con arreglo a las leyes vigentes en el lugar de residencia del propietario de este sitio web, teniendo competencia para la resoluci\u00f3n de todo litigio o conflicto que pueda surgir los Juzgados y Tribunales competentes del lugar de residencia del propietario de este sitio web y sus superiores jer\u00e1rquicos, renunciando expresamente el Usuario a cualquier otro fuero.<\/p>\n","protected":false},"excerpt":{"rendered":"<p>1. INTRODUCCI\u00d3N. El presente documento tiene como finalidad el establecer y regular las normas de uso del Sitio www.poblaflorbodas.poblaflor.com en adelante el [&hellip;]<\/p>\n","protected":false},"author":1,"featured_media":0,"parent":0,"menu_order":0,"comment_status":"closed","ping_status":"closed","template":"","meta":{"footnotes":""},"class_list":["post-321","page","type-page","status-publish","hentry"],"_links":{"self":[{"href":"https:\/\/poblaflorbodas.poblaflor.com\/index.php\/wp-json\/wp\/v2\/pages\/321","targetHints":{"allow":["GET"]}}],"collection":[{"href":"https:\/\/poblaflorbodas.poblaflor.com\/index.php\/wp-json\/wp\/v2\/pages"}],"about":[{"href":"https:\/\/poblaflorbodas.poblaflor.com\/index.php\/wp-json\/wp\/v2\/types\/page"}],"author":[{"embeddable":true,"href":"https:\/\/poblaflorbodas.poblaflor.com\/index.php\/wp-json\/wp\/v2\/users\/1"}],"replies":[{"embeddable":true,"href":"https:\/\/poblaflorbodas.poblaflor.com\/index.php\/wp-json\/wp\/v2\/comments?post=321"}],"version-history":[{"count":2,"href":"https:\/\/poblaflorbodas.poblaflor.com\/index.php\/wp-json\/wp\/v2\/pages\/321\/revisions"}],"predecessor-version":[{"id":1189,"href":"https:\/\/poblaflorbodas.poblaflor.com\/index.php\/wp-json\/wp\/v2\/pages\/321\/revisions\/1189"}],"wp:attachment":[{"href":"https:\/\/poblaflorbodas.poblaflor.com\/index.php\/wp-json\/wp\/v2\/media?parent=321"}],"curies":[{"name":"wp","href":"https:\/\/api.w.org\/{rel}","templated":true}]}}